{"id":10,"date":"2016-05-24T12:14:40","date_gmt":"2016-05-24T12:14:40","guid":{"rendered":"http:\/\/www.intese.es\/?page_id=10"},"modified":"2016-06-17T06:31:18","modified_gmt":"2016-06-17T06:31:18","slug":"campos-de-actuacion","status":"publish","type":"page","link":"https:\/\/www.intese.es\/index.php\/campos-de-actuacion\/","title":{"rendered":"CAMPOS DE ACTUACI\u00d3N"},"content":{"rendered":"<ul>\n<li>Tasaci\u00f3n, Valoraci\u00f3n  y Peritaci\u00f3n de da\u00f1os, estudiando las causas que determinan el mecanismo de una aver\u00eda mec\u00e1nica y\/o accidente vial.<\/li>\n<li>Gesti\u00f3n e investigaci\u00f3n de comprobaciones de siniestros as\u00ed como certificar su veracidad.<\/li>\n<li>Atenci\u00f3n personalizada desde el departamento de gesti\u00f3n de siniestros con clientes, compa\u00f1\u00edas aseguradoras y talleres concertados.<\/li>\n<li>Gesti\u00f3n T\u00e9cnica de Aver\u00edas  Mec\u00e1nicas.<\/li>\n<li>Valoraci\u00f3n y tasaci\u00f3n de da\u00f1os en Compra-Venta  de Flotas de veh\u00edculos.<\/li>\n<li>Verificaciones de veh\u00edculos para nuevas contrataciones o ampliaciones de p\u00f3lizas de seguros.<\/li>\n<li>Gesti\u00f3n para las reconstrucciones de siniestros.<\/li>\n<li>Elaboraci\u00f3n de informes de biomec\u00e1nica.<\/li>\n<li>Verificaciones de veh\u00edculos estado real, desgastes, aver\u00edas etc.<\/li>\n<li>Auditorias<\/li>\n<li>Tasaci\u00f3n, Valoraci\u00f3n y Peritaci\u00f3n de da\u00f1os para IRD<\/li>\n<li>Investigaciones de Incendios<\/li>\n<li>Investigaci\u00f3n de Causas<\/li>\n<li>An\u00e1lisis de riesgo<\/li>\n<li>Verificaci\u00f3n de Presupuestos<\/li>\n<\/ul>\n<p>Nuestra empresa est\u00e1 Integrada plenamente con las herramientas de valoraci\u00f3n existentes en el mercado espa\u00f1ol, GT Est\u00edmate, Audatex, Eurotax, etc., con la conciencia y conocimiento de que son herramientas y como tal, el verdadero valor de estas lo da el profesional que las utiliza.<\/p>\n<p>Somos profesionales del autom\u00f3vil y estamos especializados en todos los procesos de reparaci\u00f3n de veh\u00edculos, lo que apoyados con las herramientas inform\u00e1ticas m\u00e1s potentes e innovadoras, nos permite realizar valoraciones de da\u00f1os exactas, r\u00e1pidas y profesionales, teniendo en cuenta los procesos de reparaci\u00f3n recomendados por el fabricante del veh\u00edculo, con el objetivo de garantizar que la valoraci\u00f3n sea justa y suficiente para que el veh\u00edculo quede perfectamente reparado manteniendo todas su cualidades y garant\u00edas.<\/p>\n<p>Somos conscientes de que el mercado reparador espa\u00f1ol es diverso, existiendo talleres con muy distinto grado de tecnificaci\u00f3n, por lo que la valoraci\u00f3n se realiza conjugando el compromiso entre el sistema \u00f3ptimo de reparaci\u00f3n y la realidad de la reparaci\u00f3n.<\/p>\n<p>Prestamos especial atenci\u00f3n en el an\u00e1lisis de garant\u00edas, causas y circunstancias del siniestro, realizando para ello las averiguaciones que sean necesarias.<\/p>\n","protected":false},"excerpt":{"rendered":"<p>Tasaci\u00f3n, Valoraci\u00f3n y Peritaci\u00f3n de da\u00f1os, estudiando las causas que determinan el mecanismo de una aver\u00eda mec\u00e1nica y\/o accidente vial. Gesti\u00f3n e investigaci\u00f3n de comprobaciones de siniestros as\u00ed como certificar su veracidad. Atenci\u00f3n personalizada desde el departamento de gesti\u00f3n de siniestros con clientes, compa\u00f1\u00edas aseguradoras y talleres concertados. Gesti\u00f3n T\u00e9cnica de Aver\u00edas Mec\u00e1nicas. Valoraci\u00f3n y&hellip;<\/p>\n<p class=\"more-link\"><a href=\"https:\/\/www.intese.es\/index.php\/campos-de-actuacion\/\" class=\"themebutton\">Read More<\/a><\/p>\n","protected":false},"author":1,"featured_media":29,"parent":0,"menu_order":0,"comment_status":"closed","ping_status":"closed","template":"","meta":{"footnotes":""},"class_list":["post-10","page","type-page","status-publish","has-post-thumbnail","hentry"],"_links":{"self":[{"href":"https:\/\/www.intese.es\/index.php\/wp-json\/wp\/v2\/pages\/10","targetHints":{"allow":["GET"]}}],"collection":[{"href":"https:\/\/www.intese.es\/index.php\/wp-json\/wp\/v2\/pages"}],"about":[{"href":"https:\/\/www.intese.es\/index.php\/wp-json\/wp\/v2\/types\/page"}],"author":[{"embeddable":true,"href":"https:\/\/www.intese.es\/index.php\/wp-json\/wp\/v2\/users\/1"}],"replies":[{"embeddable":true,"href":"https:\/\/www.intese.es\/index.php\/wp-json\/wp\/v2\/comments?post=10"}],"version-history":[{"count":4,"href":"https:\/\/www.intese.es\/index.php\/wp-json\/wp\/v2\/pages\/10\/revisions"}],"predecessor-version":[{"id":60,"href":"https:\/\/www.intese.es\/index.php\/wp-json\/wp\/v2\/pages\/10\/revisions\/60"}],"wp:featuredmedia":[{"embeddable":true,"href":"https:\/\/www.intese.es\/index.php\/wp-json\/wp\/v2\/media\/29"}],"wp:attachment":[{"href":"https:\/\/www.intese.es\/index.php\/wp-json\/wp\/v2\/media?parent=10"}],"curies":[{"name":"wp","href":"https:\/\/api.w.org\/{rel}","templated":true}]}}