{"id":12,"date":"2016-05-24T12:15:10","date_gmt":"2016-05-24T12:15:10","guid":{"rendered":"http:\/\/www.intese.es\/?page_id=12"},"modified":"2016-06-15T16:36:52","modified_gmt":"2016-06-15T16:36:52","slug":"objetivos-y-propositos","status":"publish","type":"page","link":"https:\/\/www.intese.es\/index.php\/objetivos-y-propositos\/","title":{"rendered":"OBJETIVOS Y PROP\u00d3SITOS"},"content":{"rendered":"<p>Los peritos hemos sido capaces de identificar las  necesidades de los clientes, hemos participado con nuestra contribuci\u00f3n a la mejora permanente de la prestaci\u00f3n de un servicio de calidad y r\u00e1pido, ofreciendo soluciones innovadoras y eficaces.<\/p>\n<p>Los \u00e9xitos conseguidos en este tiempo han sido debidos a la profesionalidad ejercida y al alto grado de compromiso, adem\u00e1s de una adecuada mentalidad empresarial en factores esenciales, para una transformaci\u00f3n bien orientada a las necesidades de los clientes.<\/p>\n<p>Son muchos los factores influyentes, tal vez, una de las m\u00e1s relevantes sea la formaci\u00f3n, con continuos reciclajes tanto a nivel de la t\u00e9cnica pericial, como el dominio de las nuevas tecnolog\u00edas, investigaci\u00f3n de las causas para determinar t\u00e9cnicamente lo que corresponde con la din\u00e1mica del siniestro y la adaptaci\u00f3n a las nuevas tecnolog\u00edas.<br \/>\nNuestros principales clientes son las compa\u00f1\u00edas aseguradoras, as\u00ed como particulares y empresas para defender sus derechos y asesoramientos t\u00e9cnicos en las causas, ejerciendo de interlocutores y mediadores entre las partes de un conflicto.<\/p>\n<p>El mercado ha exigido un cambio para la prestaci\u00f3n de mejores servicios. Hemos pasado de la actuaci\u00f3n de un profesional multidisciplinar, autodidacta, y bas\u00e1ndose  en la experiencia propia, a peritos profesionales, formados espec\u00edficamente en esta actividad. Esto ha llevado tambi\u00e9n a la uni\u00f3n de profesionales  para desarrollar de manera conjunta y coordinada una actividad  m\u00e1s rigurosa y con un mayor campo de operaciones  y mayor rapidez de respuesta.<br \/>\nPara el mundo asegurador y empresarial preocupados por su gesti\u00f3n, la profesi\u00f3n de perito es y ser\u00e1  clave, no s\u00f3lo en la gesti\u00f3n del siniestro, sino tambi\u00e9n con su participaci\u00f3n en temas como la correcta identificaci\u00f3n de los riesgos, la determinaci\u00f3n t\u00e9cnica de la correspondencia de lo reclamado, el desarrollo de investigaciones relacionadas con la prevenci\u00f3n, la reconstrucci\u00f3n de accidentes, Biomec\u00e1nicas o el estudio de los factores que influyen en el coste de los siniestros y en la gesti\u00f3n de empresas.<\/p>\n<p>Nuestro perfil profesional ha de ser \u00e1gil, imaginativo y proactivo frente a los nuevos requerimientos de una sociedad cambiante, y ofrecer adem\u00e1s, un coste moderado por sus servicios.<\/p>\n<p>Los peritos por ley nos debemos a la OBJETIVIDAD para que las partes contractuales queden conformes y tener total libertad de actuaci\u00f3n y nunca estar influenciados en nuestra determinaci\u00f3n expresado muy bien en la frase A NUESTRO MEJOR LEAL SABER Y ENTENDER.<\/p>\n<p>El ser Objetivo no se encuentra re\u00f1ido con ser un buen T\u00e9cnico con capacidad para llegar a acuerdos, manteniendo la imparcialidad, en el desarrollo de su actividad, que de otro modo llevar\u00eda a error a la persona que finalmente tiene que ser informada para determinar, siendo  Responsable con su actuaci\u00f3n y desarrollo de su trabajo y siempre siendo educada, al llegar a la zona, lugar, empresa o domicilio en donde act\u00faa con la misi\u00f3n de solucionar un problema, por los que debe de tener consciencia y an\u00e1lisis cr\u00edtico como se le debe de pedir y pedir\u00edamos a cualquier persona.<\/p>\n<p>INTESE, est\u00e1 formado por T\u00e9cnicos no por comisionistas de servicios que bajan la calidad de su prestaci\u00f3n por una reducci\u00f3n de coste mediante la subcontrataci\u00f3n. Nuestra diferencia con este \u00faltimo es que cada profesional atiende de forma diligente la gesti\u00f3n encomendada con una respuesta r\u00e1pida y directa con el solicitante.<br \/>\nTRAMITACION PERICIAL DIRECTA:<\/p>\n<p>Es aquella en la cual emitimos un Informe Pericial, CON PRESENCIA FISICA, por un Siniestro en el que nos personamos en la ubicaci\u00f3n del riesgo, gestionamos, analizamos, valoramos seg\u00fan las circunstancia que se precisen con nuestra experiencia y toda la informaci\u00f3n que se puede recabar, sobre el an\u00e1lisis de lo ocurrido, se informa sobre posibles reclamaciones y responsabilidades que puedan aportar en la gesti\u00f3n de la flota, aseguradora o particular,  y su apoyo para su reclamaci\u00f3n judicial o extrajudicial.<\/p>\n<p>Con nuestra experiencia, tambi\u00e9n podemos gestionar la contrataci\u00f3n de servicios donde se nos requiera,  con un cumplimiento de est\u00e1ndares de Calidad, Precio e Imagen que satisfagan al cliente final de la prestaci\u00f3n de servicios.<\/p>\n","protected":false},"excerpt":{"rendered":"<p>Los peritos hemos sido capaces de identificar las necesidades de los clientes, hemos participado con nuestra contribuci\u00f3n a la mejora permanente de la prestaci\u00f3n de un servicio de calidad y r\u00e1pido, ofreciendo soluciones innovadoras y eficaces. Los \u00e9xitos conseguidos en este tiempo han sido debidos a la profesionalidad ejercida y al alto grado de compromiso,&hellip;<\/p>\n<p class=\"more-link\"><a href=\"https:\/\/www.intese.es\/index.php\/objetivos-y-propositos\/\" class=\"themebutton\">Read More<\/a><\/p>\n","protected":false},"author":1,"featured_media":33,"parent":0,"menu_order":0,"comment_status":"closed","ping_status":"closed","template":"","meta":{"footnotes":""},"class_list":["post-12","page","type-page","status-publish","has-post-thumbnail","hentry"],"_links":{"self":[{"href":"https:\/\/www.intese.es\/index.php\/wp-json\/wp\/v2\/pages\/12","targetHints":{"allow":["GET"]}}],"collection":[{"href":"https:\/\/www.intese.es\/index.php\/wp-json\/wp\/v2\/pages"}],"about":[{"href":"https:\/\/www.intese.es\/index.php\/wp-json\/wp\/v2\/types\/page"}],"author":[{"embeddable":true,"href":"https:\/\/www.intese.es\/index.php\/wp-json\/wp\/v2\/users\/1"}],"replies":[{"embeddable":true,"href":"https:\/\/www.intese.es\/index.php\/wp-json\/wp\/v2\/comments?post=12"}],"version-history":[{"count":3,"href":"https:\/\/www.intese.es\/index.php\/wp-json\/wp\/v2\/pages\/12\/revisions"}],"predecessor-version":[{"id":58,"href":"https:\/\/www.intese.es\/index.php\/wp-json\/wp\/v2\/pages\/12\/revisions\/58"}],"wp:featuredmedia":[{"embeddable":true,"href":"https:\/\/www.intese.es\/index.php\/wp-json\/wp\/v2\/media\/33"}],"wp:attachment":[{"href":"https:\/\/www.intese.es\/index.php\/wp-json\/wp\/v2\/media?parent=12"}],"curies":[{"name":"wp","href":"https:\/\/api.w.org\/{rel}","templated":true}]}}