{"id":14,"date":"2016-05-24T12:15:33","date_gmt":"2016-05-24T12:15:33","guid":{"rendered":"http:\/\/www.intese.es\/?page_id=14"},"modified":"2016-06-17T06:30:49","modified_gmt":"2016-06-17T06:30:49","slug":"inicio","status":"publish","type":"page","link":"https:\/\/www.intese.es\/","title":{"rendered":"INICIO"},"content":{"rendered":"<h1 style=\"text-align: center;\"><strong>Intese, s.l.<\/strong><\/h1>\n<p style=\"text-align: center;\">Culmina la integraci\u00f3n de profesionales en el Sector Pericial, con m\u00e1s de 25 a\u00f1os de <strong>experiencia en este campo<\/strong>, como Peritos de Seguros, Ingenier\u00eda Industrial, Automoci\u00f3n, Investigaci\u00f3n de Causas, Investigaci\u00f3n de Incendios, Control y Gesti\u00f3n de Aver\u00edas, Reparaciones de Da\u00f1os, Seguimientos de trabajos, Gesti\u00f3n telem\u00e1tica de trabajos,  Auditorias de gesti\u00f3n de taller.<br \/>\nTodos nuestros profesionales disponen de alta cualificaci\u00f3n en el Sector de la Automoci\u00f3n e IRD y Pericia Aseguradora desarrollada en colaboraci\u00f3n con los m\u00e1s importantes centros formaci\u00f3n e investigaci\u00f3n de nuestro pa\u00eds, como Centro Zaragoza, Cesvimap y Ceaps, as\u00ed como colaboraci\u00f3n con diversos Institutos de Formaci\u00f3n Profesional, Asociaciones de talleres, Asociaciones de Concesionarios, etc.<\/p>\n","protected":false},"excerpt":{"rendered":"<p>Intese, s.l. Culmina la integraci\u00f3n de profesionales en el Sector Pericial, con m\u00e1s de 25 a\u00f1os de experiencia en este campo, como Peritos de Seguros, Ingenier\u00eda Industrial, Automoci\u00f3n, Investigaci\u00f3n de Causas, Investigaci\u00f3n de Incendios, Control y Gesti\u00f3n de Aver\u00edas, Reparaciones de Da\u00f1os, Seguimientos de trabajos, Gesti\u00f3n telem\u00e1tica de trabajos, Auditorias de gesti\u00f3n de taller. Todos&hellip;<\/p>\n<p class=\"more-link\"><a href=\"https:\/\/www.intese.es\/\" class=\"themebutton\">Read More<\/a><\/p>\n","protected":false},"author":1,"featured_media":29,"parent":0,"menu_order":0,"comment_status":"closed","ping_status":"closed","template":"","meta":{"footnotes":""},"class_list":["post-14","page","type-page","status-publish","has-post-thumbnail","hentry"],"_links":{"self":[{"href":"https:\/\/www.intese.es\/index.php\/wp-json\/wp\/v2\/pages\/14","targetHints":{"allow":["GET"]}}],"collection":[{"href":"https:\/\/www.intese.es\/index.php\/wp-json\/wp\/v2\/pages"}],"about":[{"href":"https:\/\/www.intese.es\/index.php\/wp-json\/wp\/v2\/types\/page"}],"author":[{"embeddable":true,"href":"https:\/\/www.intese.es\/index.php\/wp-json\/wp\/v2\/users\/1"}],"replies":[{"embeddable":true,"href":"https:\/\/www.intese.es\/index.php\/wp-json\/wp\/v2\/comments?post=14"}],"version-history":[{"count":5,"href":"https:\/\/www.intese.es\/index.php\/wp-json\/wp\/v2\/pages\/14\/revisions"}],"predecessor-version":[{"id":59,"href":"https:\/\/www.intese.es\/index.php\/wp-json\/wp\/v2\/pages\/14\/revisions\/59"}],"wp:featuredmedia":[{"embeddable":true,"href":"https:\/\/www.intese.es\/index.php\/wp-json\/wp\/v2\/media\/29"}],"wp:attachment":[{"href":"https:\/\/www.intese.es\/index.php\/wp-json\/wp\/v2\/media?parent=14"}],"curies":[{"name":"wp","href":"https:\/\/api.w.org\/{rel}","templated":true}]}}