{"id":30,"date":"2016-05-25T06:24:39","date_gmt":"2016-05-25T06:24:39","guid":{"rendered":"http:\/\/www.intese.es\/?page_id=30"},"modified":"2017-06-07T12:20:15","modified_gmt":"2017-06-07T12:20:15","slug":"servicios","status":"publish","type":"page","link":"https:\/\/www.intese.es\/index.php\/servicios\/","title":{"rendered":"SERVICIOS"},"content":{"rendered":"<p>Seleccionamos algunos de los servicios que podernos proporcionar:<\/p>\n<p>&#8211; Video peritaci\u00f3n<\/p>\n<p>&#8211; Peritaciones digitales.<\/p>\n<p>&#8211; Asesoramiento t\u00e9cnico y pericial.<\/p>\n<p>&#8211; Inspecciones de riesgo<\/p>\n<p>&#8211; Defensa jur\u00eddica.<\/p>\n<p>&#8211; Peritaciones para tercer\u00edas.<\/p>\n<p>&#8211; Peritaciones para reclamaci\u00f3n.<\/p>\n<p>&#8211; Reconstrucciones de siniestros.<\/p>\n<p>&#8211; Informes de biomec\u00e1nica.<\/p>\n<p>&#8211; Tasaciones de veh\u00edculos y riesgos diversos.<\/p>\n<p>&#8211; Gesti\u00f3n para detecci\u00f3n de fraudes en\u00a0 siniestros<\/p>\n<p>&#8211; Gesti\u00f3n T\u00e9cnica de Aver\u00edas\u00a0 Mec\u00e1nicas<\/p>\n<p>&#8211; Peritaciones de partes<\/p>\n<p>&#8211; Comunidades<\/p>\n<p>&#8211; Empresas y particulares<\/p>\n<p>&nbsp;<\/p>\n","protected":false},"excerpt":{"rendered":"<p>Seleccionamos algunos de los servicios que podernos proporcionar: &#8211; Video peritaci\u00f3n &#8211; Peritaciones digitales. &#8211; Asesoramiento t\u00e9cnico y pericial. &#8211; Inspecciones de riesgo &#8211; Defensa jur\u00eddica. &#8211; Peritaciones para tercer\u00edas. &#8211; Peritaciones para reclamaci\u00f3n. &#8211; Reconstrucciones de siniestros. &#8211; Informes de biomec\u00e1nica. &#8211; Tasaciones de veh\u00edculos y riesgos diversos. &#8211; Gesti\u00f3n para detecci\u00f3n de fraudes&hellip;<\/p>\n<p class=\"more-link\"><a href=\"https:\/\/www.intese.es\/index.php\/servicios\/\" class=\"themebutton\">Read More<\/a><\/p>\n","protected":false},"author":1,"featured_media":38,"parent":0,"menu_order":0,"comment_status":"closed","ping_status":"closed","template":"","meta":{"footnotes":""},"class_list":["post-30","page","type-page","status-publish","has-post-thumbnail","hentry"],"_links":{"self":[{"href":"https:\/\/www.intese.es\/index.php\/wp-json\/wp\/v2\/pages\/30","targetHints":{"allow":["GET"]}}],"collection":[{"href":"https:\/\/www.intese.es\/index.php\/wp-json\/wp\/v2\/pages"}],"about":[{"href":"https:\/\/www.intese.es\/index.php\/wp-json\/wp\/v2\/types\/page"}],"author":[{"embeddable":true,"href":"https:\/\/www.intese.es\/index.php\/wp-json\/wp\/v2\/users\/1"}],"replies":[{"embeddable":true,"href":"https:\/\/www.intese.es\/index.php\/wp-json\/wp\/v2\/comments?post=30"}],"version-history":[{"count":2,"href":"https:\/\/www.intese.es\/index.php\/wp-json\/wp\/v2\/pages\/30\/revisions"}],"predecessor-version":[{"id":63,"href":"https:\/\/www.intese.es\/index.php\/wp-json\/wp\/v2\/pages\/30\/revisions\/63"}],"wp:featuredmedia":[{"embeddable":true,"href":"https:\/\/www.intese.es\/index.php\/wp-json\/wp\/v2\/media\/38"}],"wp:attachment":[{"href":"https:\/\/www.intese.es\/index.php\/wp-json\/wp\/v2\/media?parent=30"}],"curies":[{"name":"wp","href":"https:\/\/api.w.org\/{rel}","templated":true}]}}